{"id":14141,"date":"2024-03-08T19:23:53","date_gmt":"2024-03-08T17:23:53","guid":{"rendered":"https:\/\/webapplyze.com\/product\/conception-de-sites-web-pour-le-commerce-electronique\/"},"modified":"2024-08-11T23:16:57","modified_gmt":"2024-08-11T21:16:57","slug":"conception-de-sites-web-pour-le-commerce-electronique","status":"publish","type":"product","link":"https:\/\/webapplyze.com\/fr\/product\/conception-de-sites-web-pour-le-commerce-electronique\/","title":{"rendered":"Conception de sites web pour le commerce \u00e9lectronique"},"content":{"rendered":"<p><span style=\"font-weight: 400;\">Bienvenue dans l&rsquo;avenir de la vente au d\u00e9tail en ligne avec notre solution de site Web de commerce \u00e9lectronique. Transformez votre vitrine num\u00e9rique en une place de march\u00e9 dynamique o\u00f9 les clients peuvent naviguer, acheter et r\u00e9gler leurs achats en toute simplicit\u00e9. Que vous soyez un entrepreneur en herbe ou une marque \u00e9tablie, nos sites web de commerce \u00e9lectronique sont con\u00e7us pour acc\u00e9l\u00e9rer vos ventes en ligne et am\u00e9liorer l&rsquo;exp\u00e9rience d&rsquo;achat de vos clients.<\/span><\/p>\n<p><span style=\"font-weight: 400;\">D\u00e9couvrez la puissance de la personnalisation avec une plateforme E-Commerce riche en fonctionnalit\u00e9s et adapt\u00e9e aux besoins uniques de votre entreprise. Des catalogues de produits aux passerelles de paiement, nos sites Web sont enti\u00e8rement \u00e9quip\u00e9s pour g\u00e9rer tous les aspects de la vente au d\u00e9tail en ligne, vous offrant ainsi la flexibilit\u00e9 et l&rsquo;\u00e9volutivit\u00e9 n\u00e9cessaires pour d\u00e9velopper votre activit\u00e9.<\/span><\/p>\n<p><span style=\"font-weight: 400;\">Captez l&rsquo;attention et g\u00e9n\u00e9rez des conversions gr\u00e2ce \u00e0 des pages de produits visuellement \u00e9poustouflantes, une navigation intuitive et des processus de paiement transparents. Gr\u00e2ce \u00e0 une conception adapt\u00e9e aux mobiles et \u00e0 des fonctions de s\u00e9curit\u00e9 robustes, nos sites Web de commerce \u00e9lectronique garantissent une exp\u00e9rience d&rsquo;achat transparente sur tous les appareils, tout en prot\u00e9geant les informations sensibles des clients.<\/span><\/p>\n<p><span style=\"font-weight: 400;\">De la gestion des stocks au suivi des commandes, nos solutions compl\u00e8tes de commerce \u00e9lectronique rationalisent les op\u00e9rations de base, vous permettant ainsi de vous concentrer sur ce qui compte le plus : la croissance de votre entreprise. Associez-vous \u00e0 nous pour exploiter tout le potentiel de la vente au d\u00e9tail en ligne et propulser votre entreprise de commerce \u00e9lectronique vers de nouveaux sommets de r\u00e9ussite.<\/span><\/p>\n","protected":false},"excerpt":{"rendered":"<p>Bienvenue dans l&rsquo;avenir de la vente au d\u00e9tail en ligne avec notre solution de site Web de commerce \u00e9lectronique. Transformez votre vitrine num\u00e9rique en une place de march\u00e9 dynamique, qui stimule les ventes en toute simplicit\u00e9. Notre plateforme offre des fonctionnalit\u00e9s sur mesure pour une navigation, des achats et un r\u00e8glement transparents, garantissant ainsi une exp\u00e9rience client de qualit\u00e9 sup\u00e9rieure. Rationalisez vos op\u00e9rations et d\u00e9veloppez votre activit\u00e9 gr\u00e2ce \u00e0 notre solution compl\u00e8te de commerce \u00e9lectronique. Lib\u00e9rez votre potentiel de vente en ligne d\u00e8s aujourd&rsquo;hui.<\/p>\n","protected":false},"featured_media":14140,"template":"","meta":{"_monsterinsights_skip_tracking":false,"_monsterinsights_sitenote_active":false,"_monsterinsights_sitenote_note":"","_monsterinsights_sitenote_category":0},"product_cat":[40],"product_tag":[],"class_list":{"0":"post-14141","1":"product","2":"type-product","3":"status-publish","4":"has-post-thumbnail","6":"product_cat-web-design","8":"first","9":"instock","10":"taxable","11":"shipping-taxable","12":"product-type-simple"},"_links":{"self":[{"href":"https:\/\/webapplyze.com\/fr\/wp-json\/wp\/v2\/product\/14141","targetHints":{"allow":["GET"]}}],"collection":[{"href":"https:\/\/webapplyze.com\/fr\/wp-json\/wp\/v2\/product"}],"about":[{"href":"https:\/\/webapplyze.com\/fr\/wp-json\/wp\/v2\/types\/product"}],"wp:featuredmedia":[{"embeddable":true,"href":"https:\/\/webapplyze.com\/fr\/wp-json\/wp\/v2\/media\/14140"}],"wp:attachment":[{"href":"https:\/\/webapplyze.com\/fr\/wp-json\/wp\/v2\/media?parent=14141"}],"wp:term":[{"taxonomy":"product_cat","embeddable":true,"href":"https:\/\/webapplyze.com\/fr\/wp-json\/wp\/v2\/product_cat?post=14141"},{"taxonomy":"product_tag","embeddable":true,"href":"https:\/\/webapplyze.com\/fr\/wp-json\/wp\/v2\/product_tag?post=14141"}],"curies":[{"name":"wp","href":"https:\/\/api.w.org\/{rel}","templated":true}]}}