{"id":13979,"date":"2024-03-03T18:26:50","date_gmt":"2024-03-03T16:26:50","guid":{"rendered":"https:\/\/webapplyze.com\/un-rendez-vous-reussi\/"},"modified":"2024-08-24T16:31:47","modified_gmt":"2024-08-24T14:31:47","slug":"un-rendez-vous-reussi","status":"publish","type":"page","link":"https:\/\/webapplyze.com\/fr\/un-rendez-vous-reussi\/","title":{"rendered":"Un rendez-vous r\u00e9ussi"},"content":{"rendered":"\t\t<div data-elementor-type=\"wp-page\" data-elementor-id=\"13979\" class=\"elementor elementor-13979 elementor-13475\">\n\t\t\t\t\t\t<section class=\"elementor-section elementor-top-section elementor-element elementor-element-6e8f76d7 elementor-section-stretched elementor-section-boxed elementor-section-height-default elementor-section-height-default\" data-id=\"6e8f76d7\" data-element_type=\"section\" data-settings=\"{&quot;stretch_section&quot;:&quot;section-stretched&quot;,&quot;background_background&quot;:&quot;slideshow&quot;,&quot;background_slideshow_gallery&quot;:[{&quot;id&quot;:14642,&quot;url&quot;:&quot;https:\\\/\\\/webapplyze.com\\\/wp-content\\\/uploads\\\/2024\\\/08\\\/image-bg-2.jpg&quot;}],&quot;background_slideshow_loop&quot;:&quot;yes&quot;,&quot;background_slideshow_slide_duration&quot;:5000,&quot;background_slideshow_slide_transition&quot;:&quot;fade&quot;,&quot;background_slideshow_transition_duration&quot;:500}\">\n\t\t\t\t\t\t\t<div class=\"elementor-background-overlay\"><\/div>\n\t\t\t\t\t\t\t<div class=\"elementor-container elementor-column-gap-default\">\n\t\t\t\t\t<div class=\"elementor-column elementor-col-100 elementor-top-column elementor-element elementor-element-79ca36ae\" data-id=\"79ca36ae\" data-element_type=\"column\">\n\t\t\t<div class=\"elementor-widget-wrap elementor-element-populated\">\n\t\t\t\t\t\t<div class=\"elementor-element elementor-element-bc91b3a elementor-widget elementor-widget-heading\" data-id=\"bc91b3a\" data-element_type=\"widget\" data-widget_type=\"heading.default\">\n\t\t\t\t<div class=\"elementor-widget-container\">\n\t\t\t\t\t<h2 class=\"elementor-heading-title elementor-size-default\">Votre rendez-vous a \u00e9t\u00e9 pris avec succ\u00e8s !<\/h2>\t\t\t\t<\/div>\n\t\t\t\t<\/div>\n\t\t\t\t<div class=\"elementor-element elementor-element-e445786 elementor-widget elementor-widget-pix-text\" data-id=\"e445786\" data-element_type=\"widget\" data-widget_type=\"pix-text.default\">\n\t\t\t\t<div class=\"elementor-widget-container\">\n\t\t\t\t\t<div class=\"pix-el-text w-100 text-left \" ><div class=\"d-inline-block\" style=\"max-width:900px;\"><p class=\"text-18 resp-option  text-left font-weight-bold\" >V\u00e9rifiez votre bo\u00eete aux lettres \u00e9lectronique et recevez des informations sur les d\u00e9tails de votre rendez-vous (il se peut qu'elles soient arriv\u00e9es dans votre dossier spam). Vous y trouverez la date et l'heure de votre rendez-vous ainsi que le service que vous recevrez. Nous nous r\u00e9jouissons de votre rendez-vous ! <br><br> N'h\u00e9sitez pas \u00e0 nous contacter si vous avez des questions.<\/p><\/div><\/div>\t\t\t\t<\/div>\n\t\t\t\t<\/div>\n\t\t\t\t<div class=\"elementor-element elementor-element-b7002dc elementor-widget elementor-widget-pix-text\" data-id=\"b7002dc\" data-element_type=\"widget\" data-widget_type=\"pix-text.default\">\n\t\t\t\t<div class=\"elementor-widget-container\">\n\t\t\t\t\t<div class=\"pix-el-text w-100 text-left \" ><div class=\"d-inline-block\" style=\"max-width:900px;\"><p class=\"text-18 resp-option  text-left font-weight-bold\" >Cordialement,<br> Votre \u00e9quipe de support am Web Applyze<\/p><\/div><\/div>\t\t\t\t<\/div>\n\t\t\t\t<\/div>\n\t\t\t\t<div class=\"elementor-element elementor-element-a8de399 elementor-invisible elementor-widget elementor-widget-pix-badge\" data-id=\"a8de399\" data-element_type=\"widget\" data-widget_type=\"pix-badge.default\">\n\t\t\t\t<div class=\"elementor-widget-container\">\n\t\t\t\t\t<div class=\"pix-element-div w-100 text-center\"><span class=\"pix-badge-element h6 d-inline-flex mr-1 animate-in\" data-anim-type=\"fade-in-up\" data-anim-delay=\"300\"><span class=\"badge font-weight-bold secondary-font bg-dark-opacity-3  \" style=\" \"><span class=\"text-white\" style=\"\">Des possibilit\u00e9s illimit\u00e9es<\/span><\/span><\/span><\/div>\t\t\t\t<\/div>\n\t\t\t\t<\/div>\n\t\t\t\t<div class=\"elementor-element elementor-element-1184895d elementor-widget elementor-widget-pix-sliding-text\" data-id=\"1184895d\" data-element_type=\"widget\" data-widget_type=\"pix-sliding-text.default\">\n\t\t\t\t<div class=\"elementor-widget-container\">\n\t\t\t\t\t<div id=\"sliding-text-7725909\" class=\"mb-3 text-center \"><div class=\"d-inline-block\" style=\"max-width:600px;\"><h2 class=\"mb-32 pix-sliding-headline-2 animate-in font-weight-bold secondary-font \" data-anim-type=\"pix-sliding-text\" pix-anim-delay=\"500\" data-class=\"secondary-font text-white\" style=\"\"><span class=\"slide-in-container \"><span class=\"pix-sliding-item secondary-font text-white\" style=\"transition-delay: 0ms;\">+15.000&#32;<\/span><\/span> <span class=\"slide-in-container \"><span class=\"pix-sliding-item secondary-font text-white\" style=\"transition-delay: 150ms;\">b\u00e9n\u00e9voles&#32;<\/span><\/span> <span class=\"slide-in-container \"><span class=\"pix-sliding-item secondary-font text-white\" style=\"transition-delay: 300ms;\">heureux&#32;<\/span><\/span> <\/h2><\/div><\/div>\t\t\t\t<\/div>\n\t\t\t\t<\/div>\n\t\t\t\t<div class=\"elementor-element elementor-element-4a9a6b2 elementor-invisible elementor-widget elementor-widget-pix-text\" data-id=\"4a9a6b2\" data-element_type=\"widget\" data-widget_type=\"pix-text.default\">\n\t\t\t\t<div class=\"elementor-widget-container\">\n\t\t\t\t\t<div class=\"pix-el-text w-100 text-center \" ><div class=\"d-inline-block\" style=\"max-width:500px;\"><p class=\"text-20 resp-option text-light-opacity-7 text-center \" ><span class=\"text-light-opacity-7 animate-in d-inline-block\" data-anim-delay=\"1000\" data-anim-type=\"fade-in-up\">Soyez pr\u00eat \u00e0 utiliser la nouvelle g\u00e9n\u00e9ration de th\u00e8mes WordPress. Soyez pr\u00eats \u00e0 rencontrer Essentials by pixfort.<\/span><\/p><\/div><\/div>\t\t\t\t<\/div>\n\t\t\t\t<\/div>\n\t\t\t\t<section class=\"elementor-section elementor-inner-section elementor-element elementor-element-6568cc08 elementor-section-boxed elementor-section-height-default elementor-section-height-default\" data-id=\"6568cc08\" data-element_type=\"section\">\n\t\t\t\t\t\t<div class=\"elementor-container elementor-column-gap-default\">\n\t\t\t\t\t<div class=\"elementor-column elementor-col-33 elementor-inner-column elementor-element elementor-element-52dc90f8\" data-id=\"52dc90f8\" data-element_type=\"column\">\n\t\t\t<div class=\"elementor-widget-wrap elementor-element-populated\">\n\t\t\t\t\t\t<div class=\"elementor-element elementor-element-781f16d2 elementor-invisible elementor-widget elementor-widget-pix-testimonial\" data-id=\"781f16d2\" data-element_type=\"widget\" data-widget_type=\"pix-testimonial.default\">\n\t\t\t\t<div class=\"elementor-widget-container\">\n\t\t\t\t\t<div class=\"pix-content-box card        body-default rounded-10 shadow shadow-hover fly-sm animate-in bg-white w-100  \"  data-anim-type=\"fade-in-up\" data-anim-delay=\"0\"><div class=\"\" style=\"z-index:30;position:relative;\"><div class=\"card pix-p-10 rounded-10\"><div class=\"card-body\"><p class=\"card-text  text-body-default text-18\" >Quelques exemples de textes rapides pour d\u00e9velopper le texte des t\u00e9moignages et cr\u00e9er des sites web puissants et impressionnants !<\/p><div class=\"d-flex\"><span class=\"align-self-center pix-circle pix-bg-custom bg-gradient-primary circle-48 animate-in shadow-sm\"  data-anim-type=\"fade-in-left\" data-anim-delay=\"200\"><img decoding=\"async\" src=\"https:\/\/webapplyze.com\/wp-content\/uploads\/2024\/08\/thumbnail-person-2.jpg\" class=\"rounded-circle\" width=\"48\" height=\"48\" alt=\"\" \/><\/span><div class=\"align-self-center\"><h6 class=\"card-title mb-0 pix-mx-20 font-weight-bold text-heading-default\" >Sarah Smith<\/h6><\/div><\/div><\/div><\/div><\/div><\/div>\t\t\t\t<\/div>\n\t\t\t\t<\/div>\n\t\t\t\t<div class=\"elementor-element elementor-element-2cf80e51 elementor-invisible elementor-widget elementor-widget-pix-testimonial\" data-id=\"2cf80e51\" data-element_type=\"widget\" data-widget_type=\"pix-testimonial.default\">\n\t\t\t\t<div class=\"elementor-widget-container\">\n\t\t\t\t\t<div class=\"pix-content-box card        body-default rounded-10 shadow shadow-hover fly-sm animate-in bg-white w-100  \"  data-anim-type=\"fade-in-up\" data-anim-delay=\"0\"><div class=\"\" style=\"z-index:30;position:relative;\"><div class=\"card pix-p-10 rounded-10\"><div class=\"card-body\"><p class=\"card-text  text-body-default text-18\" >Quelques exemples de textes rapides pour d\u00e9velopper le texte des t\u00e9moignages et cr\u00e9er des sites web puissants et impressionnants !<\/p><div class=\"d-flex\"><span class=\"align-self-center pix-circle pix-bg-custom bg-gradient-primary circle-48 animate-in shadow-sm\"  data-anim-type=\"fade-in-left\" data-anim-delay=\"200\"><img decoding=\"async\" src=\"https:\/\/webapplyze.com\/wp-content\/uploads\/2024\/08\/thumbnail-person-5.jpg\" class=\"rounded-circle\" width=\"48\" height=\"48\" alt=\"\" \/><\/span><div class=\"align-self-center\"><h6 class=\"card-title mb-0 pix-mx-20 font-weight-bold text-heading-default\" >Sam Huffman<\/h6><\/div><\/div><\/div><\/div><\/div><\/div>\t\t\t\t<\/div>\n\t\t\t\t<\/div>\n\t\t\t\t\t<\/div>\n\t\t<\/div>\n\t\t\t\t<div class=\"elementor-column elementor-col-33 elementor-inner-column elementor-element elementor-element-4ce2cc67\" data-id=\"4ce2cc67\" data-element_type=\"column\">\n\t\t\t<div class=\"elementor-widget-wrap elementor-element-populated\">\n\t\t\t\t\t\t<div class=\"elementor-element elementor-element-100d6bf elementor-invisible elementor-widget elementor-widget-pix-testimonial\" data-id=\"100d6bf\" data-element_type=\"widget\" data-widget_type=\"pix-testimonial.default\">\n\t\t\t\t<div class=\"elementor-widget-container\">\n\t\t\t\t\t<div class=\"pix-content-box card        body-default rounded-10 shadow shadow-hover fly-sm animate-in bg-white w-100  \"  data-anim-type=\"fade-in-up\" data-anim-delay=\"0\"><div class=\"\" style=\"z-index:30;position:relative;\"><div class=\"card pix-p-10 rounded-10\"><div class=\"card-body\"><p class=\"card-text  text-body-default text-18\" >Quelques exemples de textes rapides pour d\u00e9velopper le texte des t\u00e9moignages et cr\u00e9er des sites web puissants et impressionnants !<\/p><div class=\"d-flex\"><span class=\"align-self-center pix-circle pix-bg-custom bg-gradient-primary circle-48 animate-in shadow-sm\"  data-anim-type=\"fade-in-left\" data-anim-delay=\"200\"><img decoding=\"async\" src=\"https:\/\/webapplyze.com\/wp-content\/uploads\/2024\/08\/thumbnail-person-1.jpg\" class=\"rounded-circle\" width=\"48\" height=\"48\" alt=\"\" \/><\/span><div class=\"align-self-center\"><h6 class=\"card-title mb-0 pix-mx-20 font-weight-bold text-heading-default\" >Marc Antoine<\/h6><\/div><\/div><\/div><\/div><\/div><\/div>\t\t\t\t<\/div>\n\t\t\t\t<\/div>\n\t\t\t\t<div class=\"elementor-element elementor-element-6aa83cb1 elementor-invisible elementor-widget elementor-widget-pix-testimonial\" data-id=\"6aa83cb1\" data-element_type=\"widget\" data-widget_type=\"pix-testimonial.default\">\n\t\t\t\t<div class=\"elementor-widget-container\">\n\t\t\t\t\t<div class=\"pix-content-box card        body-default rounded-10 shadow shadow-hover fly-sm animate-in bg-white w-100  \"  data-anim-type=\"fade-in-up\" data-anim-delay=\"0\"><div class=\"\" style=\"z-index:30;position:relative;\"><div class=\"card pix-p-10 rounded-10\"><div class=\"card-body\"><p class=\"card-text  text-body-default text-18\" >Quelques exemples de textes rapides pour d\u00e9velopper le texte des t\u00e9moignages et cr\u00e9er des sites web puissants et impressionnants !<\/p><div class=\"d-flex\"><span class=\"align-self-center pix-circle pix-bg-custom bg-gradient-primary circle-48 animate-in shadow-sm\"  data-anim-type=\"fade-in-left\" data-anim-delay=\"200\"><img loading=\"lazy\" decoding=\"async\" src=\"https:\/\/webapplyze.com\/wp-content\/uploads\/2024\/08\/thumbnail-person-4.jpg\" class=\"rounded-circle\" width=\"48\" height=\"48\" alt=\"\" \/><\/span><div class=\"align-self-center\"><h6 class=\"card-title mb-0 pix-mx-20 font-weight-bold text-heading-default\" >Nadine Petrolli<\/h6><\/div><\/div><\/div><\/div><\/div><\/div>\t\t\t\t<\/div>\n\t\t\t\t<\/div>\n\t\t\t\t\t<\/div>\n\t\t<\/div>\n\t\t\t\t<div class=\"elementor-column elementor-col-33 elementor-inner-column elementor-element elementor-element-4dfb056a\" data-id=\"4dfb056a\" data-element_type=\"column\">\n\t\t\t<div class=\"elementor-widget-wrap elementor-element-populated\">\n\t\t\t\t\t\t<div class=\"elementor-element elementor-element-757f2e8 elementor-invisible elementor-widget elementor-widget-pix-testimonial\" data-id=\"757f2e8\" data-element_type=\"widget\" data-widget_type=\"pix-testimonial.default\">\n\t\t\t\t<div class=\"elementor-widget-container\">\n\t\t\t\t\t<div class=\"pix-content-box card        body-default rounded-10 shadow shadow-hover fly-sm animate-in bg-white w-100  \"  data-anim-type=\"fade-in-up\" data-anim-delay=\"0\"><div class=\"\" style=\"z-index:30;position:relative;\"><div class=\"card pix-p-10 rounded-10\"><div class=\"card-body\"><p class=\"card-text  text-body-default text-18\" >Quelques exemples de textes rapides pour d\u00e9velopper le texte des t\u00e9moignages et cr\u00e9er des sites web puissants et impressionnants !<\/p><div class=\"d-flex\"><span class=\"align-self-center pix-circle pix-bg-custom bg-gradient-primary circle-48 animate-in shadow-sm\"  data-anim-type=\"fade-in-left\" data-anim-delay=\"200\"><img loading=\"lazy\" decoding=\"async\" src=\"https:\/\/webapplyze.com\/wp-content\/uploads\/2024\/08\/thumbnail-person-3.jpg\" class=\"rounded-circle\" width=\"48\" height=\"48\" alt=\"\" \/><\/span><div class=\"align-self-center\"><h6 class=\"card-title mb-0 pix-mx-20 font-weight-bold text-heading-default\" >Jena Megan<\/h6><\/div><\/div><\/div><\/div><\/div><\/div>\t\t\t\t<\/div>\n\t\t\t\t<\/div>\n\t\t\t\t<div class=\"elementor-element elementor-element-1f64ad82 elementor-invisible elementor-widget elementor-widget-pix-testimonial\" data-id=\"1f64ad82\" data-element_type=\"widget\" data-widget_type=\"pix-testimonial.default\">\n\t\t\t\t<div class=\"elementor-widget-container\">\n\t\t\t\t\t<div class=\"pix-content-box card        body-default rounded-10 shadow shadow-hover fly-sm animate-in bg-white w-100  \"  data-anim-type=\"fade-in-up\" data-anim-delay=\"0\"><div class=\"\" style=\"z-index:30;position:relative;\"><div class=\"card pix-p-10 rounded-10\"><div class=\"card-body\"><p class=\"card-text  text-body-default text-18\" >Quelques exemples de textes rapides pour d\u00e9velopper le texte des t\u00e9moignages et cr\u00e9er des sites web puissants et impressionnants !<\/p><div class=\"d-flex\"><span class=\"align-self-center pix-circle pix-bg-custom bg-gradient-primary circle-48 animate-in shadow-sm\"  data-anim-type=\"fade-in-left\" data-anim-delay=\"200\"><img loading=\"lazy\" decoding=\"async\" src=\"https:\/\/webapplyze.com\/wp-content\/uploads\/2024\/08\/hl-1-400x400.jpg\" class=\"rounded-circle\" width=\"48\" height=\"48\" alt=\"\" \/><\/span><div class=\"align-self-center\"><h6 class=\"card-title mb-0 pix-mx-20 font-weight-bold text-heading-default\" >Alan Nolan<\/h6><\/div><\/div><\/div><\/div><\/div><\/div>\t\t\t\t<\/div>\n\t\t\t\t<\/div>\n\t\t\t\t\t<\/div>\n\t\t<\/div>\n\t\t\t\t\t<\/div>\n\t\t<\/section>\n\t\t\t\t\t<\/div>\n\t\t<\/div>\n\t\t\t\t\t<\/div>\n\t\t<\/section>\n\t\t\t\t<\/div>\n\t\t","protected":false},"excerpt":{"rendered":"<p>Votre rendez-vous a \u00e9t\u00e9 pris avec succ\u00e8s ! V\u00e9rifiez votre bo\u00eete aux lettres \u00e9lectronique et recevez des informations sur les d\u00e9tails de votre rendez-vous (il se peut qu&rsquo;elles soient arriv\u00e9es dans votre dossier spam). Vous y trouverez la date et&#8230;<\/p>\n","protected":false},"author":2,"featured_media":0,"parent":0,"menu_order":0,"comment_status":"closed","ping_status":"closed","template":"","meta":{"_monsterinsights_skip_tracking":false,"_monsterinsights_sitenote_active":false,"_monsterinsights_sitenote_note":"","_monsterinsights_sitenote_category":0,"footnotes":""},"class_list":["post-13979","page","type-page","status-publish","hentry"],"_links":{"self":[{"href":"https:\/\/webapplyze.com\/fr\/wp-json\/wp\/v2\/pages\/13979","targetHints":{"allow":["GET"]}}],"collection":[{"href":"https:\/\/webapplyze.com\/fr\/wp-json\/wp\/v2\/pages"}],"about":[{"href":"https:\/\/webapplyze.com\/fr\/wp-json\/wp\/v2\/types\/page"}],"author":[{"embeddable":true,"href":"https:\/\/webapplyze.com\/fr\/wp-json\/wp\/v2\/users\/2"}],"replies":[{"embeddable":true,"href":"https:\/\/webapplyze.com\/fr\/wp-json\/wp\/v2\/comments?post=13979"}],"version-history":[{"count":4,"href":"https:\/\/webapplyze.com\/fr\/wp-json\/wp\/v2\/pages\/13979\/revisions"}],"predecessor-version":[{"id":14659,"href":"https:\/\/webapplyze.com\/fr\/wp-json\/wp\/v2\/pages\/13979\/revisions\/14659"}],"wp:attachment":[{"href":"https:\/\/webapplyze.com\/fr\/wp-json\/wp\/v2\/media?parent=13979"}],"curies":[{"name":"wp","href":"https:\/\/api.w.org\/{rel}","templated":true}]}}