{"id":14011,"date":"2024-03-05T17:14:54","date_gmt":"2024-03-05T15:14:54","guid":{"rendered":"https:\/\/webapplyze.com\/haeufig-gestellte-fragen\/"},"modified":"2024-03-09T01:01:17","modified_gmt":"2024-03-08T23:01:17","slug":"haeufig-gestellte-fragen","status":"publish","type":"page","link":"https:\/\/webapplyze.com\/de\/haeufig-gestellte-fragen\/","title":{"rendered":"H\u00e4ufig gestellte Fragen"},"content":{"rendered":"\t\t<div data-elementor-type=\"wp-page\" data-elementor-id=\"14011\" class=\"elementor elementor-14011 elementor-13682\">\n\t\t\t\t\t\t<section class=\"elementor-section elementor-top-section elementor-element elementor-element-2cee3890 elementor-section-boxed elementor-section-height-default elementor-section-height-default\" data-id=\"2cee3890\" data-element_type=\"section\">\n\t\t\t\t\t\t<div class=\"elementor-container elementor-column-gap-default\">\n\t\t\t\t\t<div class=\"elementor-column elementor-col-50 elementor-top-column elementor-element elementor-element-740d3c79\" data-id=\"740d3c79\" data-element_type=\"column\">\n\t\t\t<div class=\"elementor-widget-wrap elementor-element-populated\">\n\t\t\t\t\t\t<div class=\"elementor-element elementor-element-4488075f elementor-widget elementor-widget-pix-heading\" data-id=\"4488075f\" data-element_type=\"widget\" data-widget_type=\"pix-heading.default\">\n\t\t\t\t<div class=\"elementor-widget-container\">\n\t\t\t\t\t<div  class=\"pix-heading-el text-left \"><h3 class=\"text-heading-default font-weight-bold h3 heading-text el-title_custom_color mb-12\" style=\"\" data-anim-type=\"\" data-anim-delay=\"\">Allgemeine Fragen<\/h3><\/div>\t\t\t\t<\/div>\n\t\t\t\t<\/div>\n\t\t\t\t\t<\/div>\n\t\t<\/div>\n\t\t\t\t<div class=\"elementor-column elementor-col-50 elementor-top-column elementor-element elementor-element-138cc75a\" data-id=\"138cc75a\" data-element_type=\"column\">\n\t\t\t<div class=\"elementor-widget-wrap elementor-element-populated\">\n\t\t\t\t\t\t<div class=\"elementor-element elementor-element-1581f8bf elementor-widget elementor-widget-pix-accordion\" data-id=\"1581f8bf\" data-element_type=\"widget\" data-widget_type=\"pix-accordion.default\">\n\t\t\t\t<div class=\"elementor-widget-container\">\n\t\t\t\t\t<div class=\"accordion w-100 accordion-card bg-white2 rounded-lg2\" id=\"accordion-3731908\"><div class=\"card\">\n               <div class=\"card-header pix-mb-10 shadow-sm rounded-lg bg-custom\" id=\"headingpix-tab-7548687\" style=\"background:#F8F9FA\">\n                   <button class=\"btn btn-link text-left\" type=\"button\" data-toggle=\"collapse\" data-target=\"#collapsepix-tab-7548687\" aria-expanded=\"true\" aria-controls=\"collapsepix-tab-7548687\"><i class=\"pixicon-crown-2 text-primary text-20 pix-mr-10\" ><\/i> <span class=\"font-weight-bold secondary-font text-heading-default\" >Wie lange dauert in der Regel die erste Beratungs- und Projektplanungsphase?<\/span><\/button>\n               <\/div>\n\n               <div id=\"collapsepix-tab-7548687\" class=\"collapse show\" aria-labelledby=\"headingpix-tab-7548687\">\n                 <div class=\"card-body\">\n                     <p>Unsere Erstberatung und Projektplanung dauert in der Regel etwa 1-2 Wochen, je nach Komplexit\u00e4t des Projekts und Verf\u00fcgbarkeit beider Parteien.<\/p>\n\n                 <\/div>\n               <\/div>\n             <\/div><div class=\"card\">\n               <div class=\"card-header pix-mb-10 shadow-sm rounded-lg bg-custom\" id=\"headingpix-tab-9894746\" style=\"background:#F8F9FA\">\n                   <button class=\"btn btn-link text-left\" type=\"button\" data-toggle=\"collapse\" data-target=\"#collapsepix-tab-9894746\" aria-expanded=\"true\" aria-controls=\"collapsepix-tab-9894746\"><i class=\"pixicon-luggage text-primary text-20 pix-mr-10\" ><\/i> <span class=\"font-weight-bold secondary-font text-heading-default\" >Wie lange dauert es im Durchschnitt, bis ich nach der ersten Beratung ein Design-Muster erhalte?<\/span><\/button>\n               <\/div>\n\n               <div id=\"collapsepix-tab-9894746\" class=\"collapse \" aria-labelledby=\"headingpix-tab-9894746\">\n                 <div class=\"card-body\">\n                     <p>Wir bem\u00fchen uns, innerhalb von 1 bis 2 Wochen nach dem ersten Beratungsgespr\u00e4ch Design-Mockups zu erstellen, damit gen\u00fcgend Zeit f\u00fcr kreatives Brainstorming und Konzeptualisierung bleibt.<\/p>\n\n                 <\/div>\n               <\/div>\n             <\/div><div class=\"card\">\n               <div class=\"card-header pix-mb-10 shadow-sm rounded-lg bg-custom\" id=\"headingpix-tab-4734281\" style=\"background:#F8F9FA\">\n                   <button class=\"btn btn-link text-left\" type=\"button\" data-toggle=\"collapse\" data-target=\"#collapsepix-tab-4734281\" aria-expanded=\"true\" aria-controls=\"collapsepix-tab-4734281\"><i class=\"pixicon-badge-1 text-primary text-20 pix-mr-10\" ><\/i> <span class=\"font-weight-bold secondary-font text-heading-default\" >Wie viel Zeit ist f\u00fcr die Entwicklung und Programmierung vorgesehen, sobald die Design-Mockups genehmigt sind?<\/span><\/button>\n               <\/div>\n\n               <div id=\"collapsepix-tab-4734281\" class=\"collapse \" aria-labelledby=\"headingpix-tab-4734281\">\n                 <div class=\"card-body\">\n                     <p>Die Entwicklungs- und Kodierungsphase dauert in der Regel zwischen 4 und 8 Wochen, je nach Gr\u00f6\u00dfe und Komplexit\u00e4t der Website und den gew\u00fcnschten zus\u00e4tzlichen Funktionen.<\/p>\n\n                 <\/div>\n               <\/div>\n             <\/div><div class=\"card\">\n               <div class=\"card-header pix-mb-10 shadow-sm rounded-lg bg-custom\" id=\"headingpix-tab-6641440\" style=\"background:#F8F9FA\">\n                   <button class=\"btn btn-link text-left\" type=\"button\" data-toggle=\"collapse\" data-target=\"#collapsepix-tab-6641440\" aria-expanded=\"true\" aria-controls=\"collapsepix-tab-6641440\"><i class=\"pixicon-speedometer text-primary text-20 pix-mr-10\" ><\/i> <span class=\"font-weight-bold secondary-font text-heading-default\" >Was ist der \u00fcbliche Zeitrahmen f\u00fcr Kundenfeedback und \u00dcberarbeitungen w\u00e4hrend des Webdesign-Prozesses?<\/span><\/button>\n               <\/div>\n\n               <div id=\"collapsepix-tab-6641440\" class=\"collapse \" aria-labelledby=\"headingpix-tab-6641440\">\n                 <div class=\"card-body\">\n                     <p>In der Regel geben wir dem Kunden 1-2 Wochen Zeit f\u00fcr Feedback und \u00dcberarbeitungen, nachdem wir die Design-Mockups pr\u00e4sentiert haben, so dass ausreichend Zeit f\u00fcr eine gr\u00fcndliche \u00dcberpr\u00fcfung und den Input des Kunden vorhanden ist.<\/p>\n\n                 <\/div>\n               <\/div>\n             <\/div><div class=\"card\">\n               <div class=\"card-header pix-mb-10 shadow-sm rounded-lg bg-custom\" id=\"headingpix-tab-8592069\" style=\"background:#F8F9FA\">\n                   <button class=\"btn btn-link text-left\" type=\"button\" data-toggle=\"collapse\" data-target=\"#collapsepix-tab-8592069\" aria-expanded=\"true\" aria-controls=\"collapsepix-tab-8592069\"><i class=\"pixicon-music-notation text-primary text-20 pix-mr-10\" ><\/i> <span class=\"font-weight-bold secondary-font text-heading-default\" >Wie lange dauert der abschlie\u00dfende Test- und Qualit\u00e4tssicherungsprozess, bevor die Website ver\u00f6ffentlicht wird?<\/span><\/button>\n               <\/div>\n\n               <div id=\"collapsepix-tab-8592069\" class=\"collapse \" aria-labelledby=\"headingpix-tab-8592069\">\n                 <div class=\"card-body\">\n                     <p>Die abschlie\u00dfenden Tests und die Qualit\u00e4tssicherung nehmen in der Regel etwa 1-2 Wochen in Anspruch, um sicherzustellen, dass die Website voll funktionsf\u00e4hig und fehlerfrei ist und den Erwartungen des Kunden entspricht, bevor sie ver\u00f6ffentlicht wird.<\/p>\n\n                 <\/div>\n               <\/div>\n             <\/div><\/div>\t\t\t\t<\/div>\n\t\t\t\t<\/div>\n\t\t\t\t\t<\/div>\n\t\t<\/div>\n\t\t\t\t\t<\/div>\n\t\t<\/section>\n\t\t\t\t<section class=\"elementor-section elementor-top-section elementor-element elementor-element-116c612 elementor-section-boxed elementor-section-height-default elementor-section-height-default\" data-id=\"116c612\" data-element_type=\"section\">\n\t\t\t\t\t\t<div class=\"elementor-container elementor-column-gap-default\">\n\t\t\t\t\t<div class=\"elementor-column elementor-col-50 elementor-top-column elementor-element elementor-element-4eb75aef\" data-id=\"4eb75aef\" data-element_type=\"column\">\n\t\t\t<div class=\"elementor-widget-wrap elementor-element-populated\">\n\t\t\t\t\t\t<div class=\"elementor-element elementor-element-5f812129 elementor-widget elementor-widget-pix-heading\" data-id=\"5f812129\" data-element_type=\"widget\" data-widget_type=\"pix-heading.default\">\n\t\t\t\t<div class=\"elementor-widget-container\">\n\t\t\t\t\t<div  class=\"pix-heading-el text-left \"><h3 class=\"text-heading-default font-weight-bold h3 heading-text el-title_custom_color mb-12\" style=\"\" data-anim-type=\"\" data-anim-delay=\"\">Andere Fragen<\/h3><\/div>\t\t\t\t<\/div>\n\t\t\t\t<\/div>\n\t\t\t\t\t<\/div>\n\t\t<\/div>\n\t\t\t\t<div class=\"elementor-column elementor-col-50 elementor-top-column elementor-element elementor-element-555920be\" data-id=\"555920be\" data-element_type=\"column\">\n\t\t\t<div class=\"elementor-widget-wrap elementor-element-populated\">\n\t\t\t\t\t\t<div class=\"elementor-element elementor-element-4d39c4f8 elementor-widget elementor-widget-pix-accordion\" data-id=\"4d39c4f8\" data-element_type=\"widget\" data-widget_type=\"pix-accordion.default\">\n\t\t\t\t<div class=\"elementor-widget-container\">\n\t\t\t\t\t<div class=\"accordion w-100 accordion-card bg-white2 rounded-lg2\" id=\"accordion-6437519\"><div class=\"card\">\n               <div class=\"card-header pix-mb-10 shadow-sm rounded-lg bg-custom\" id=\"headingpix-tab-2897828\" style=\"background:#F8F9FA\">\n                   <button class=\"btn btn-link text-left\" type=\"button\" data-toggle=\"collapse\" data-target=\"#collapsepix-tab-2897828\" aria-expanded=\"true\" aria-controls=\"collapsepix-tab-2897828\"><i class=\"pixicon-ribbon-empty text-primary text-20 pix-mr-10\" ><\/i> <span class=\"font-weight-bold secondary-font text-heading-default\" >K\u00f6nnen Sie n\u00e4here Angaben zu Ihrem Angebot an Content-Management-Systemen (CMS) und deren Funktionen machen?<\/span><\/button>\n               <\/div>\n\n               <div id=\"collapsepix-tab-2897828\" class=\"collapse \" aria-labelledby=\"headingpix-tab-2897828\">\n                 <div class=\"card-body\">\n                     <p>Unsere CMS-L\u00f6sungen bieten benutzerfreundliche Oberfl\u00e4chen, anpassbare Vorlagen, robuste Sicherheitsfunktionen und einfache M\u00f6glichkeiten zur Bearbeitung von Inhalten.<\/p>\n\n                 <\/div>\n               <\/div>\n             <\/div><div class=\"card\">\n               <div class=\"card-header pix-mb-10 shadow-sm rounded-lg bg-custom\" id=\"headingpix-tab-9249687\" style=\"background:#F8F9FA\">\n                   <button class=\"btn btn-link text-left\" type=\"button\" data-toggle=\"collapse\" data-target=\"#collapsepix-tab-9249687\" aria-expanded=\"true\" aria-controls=\"collapsepix-tab-9249687\"><i class=\"pixicon-star text-primary text-20 pix-mr-10\" ><\/i> <span class=\"font-weight-bold secondary-font text-heading-default\" >Auf welche E-Commerce-Plattformen sind Sie spezialisiert, und welche einzigartigen Funktionen bieten Sie f\u00fcr Online-Shops an?<\/span><\/button>\n               <\/div>\n\n               <div id=\"collapsepix-tab-9249687\" class=\"collapse show\" aria-labelledby=\"headingpix-tab-9249687\">\n                 <div class=\"card-body\">\n                     <p>Wir haben uns auf E-Commerce-Plattformen wie Shopify, WooCommerce und Magento spezialisiert und bieten Funktionen wie benutzerdefinierte Produktkataloge, sichere Zahlungsgateways und Bestandsverwaltung.<\/p>\n\n                 <\/div>\n               <\/div>\n             <\/div><div class=\"card\">\n               <div class=\"card-header pix-mb-10 shadow-sm rounded-lg bg-custom\" id=\"headingpix-tab-8531757\" style=\"background:#F8F9FA\">\n                   <button class=\"btn btn-link text-left\" type=\"button\" data-toggle=\"collapse\" data-target=\"#collapsepix-tab-8531757\" aria-expanded=\"true\" aria-controls=\"collapsepix-tab-8531757\"><i class=\"pixicon-box-4 text-primary text-20 pix-mr-10\" ><\/i> <span class=\"font-weight-bold secondary-font text-heading-default\" >Bieten Sie kundenspezifische Webentwicklungsdienste an, und welche Technologien verwenden Sie f\u00fcr die Erstellung ma\u00dfgeschneiderter L\u00f6sungen?<\/span><\/button>\n               <\/div>\n\n               <div id=\"collapsepix-tab-8531757\" class=\"collapse \" aria-labelledby=\"headingpix-tab-8531757\">\n                 <div class=\"card-body\">\n                     <p>Ja, wir bieten kundenspezifische Webentwicklungsdienste unter Verwendung von Technologien wie HTML5, CSS3, JavaScript, PHP und anderen Frameworks an, um ma\u00dfgeschneiderte L\u00f6sungen zu erstellen, die die individuellen Bed\u00fcrfnisse unserer Kunden erf\u00fcllen.<\/p>\n\n                 <\/div>\n               <\/div>\n             <\/div><div class=\"card\">\n               <div class=\"card-header pix-mb-10 shadow-sm rounded-lg bg-custom\" id=\"headingpix-tab-8996150\" style=\"background:#F8F9FA\">\n                   <button class=\"btn btn-link text-left\" type=\"button\" data-toggle=\"collapse\" data-target=\"#collapsepix-tab-8996150\" aria-expanded=\"true\" aria-controls=\"collapsepix-tab-8996150\"><i class=\"pixicon-user-circle-1 text-primary text-20 pix-mr-10\" ><\/i> <span class=\"font-weight-bold secondary-font text-heading-default\" >Wie stellen Sie sicher, dass die von Ihrer Agentur gestalteten Websites f\u00fcr Suchmaschinen (SEO) optimiert sind?<\/span><\/button>\n               <\/div>\n\n               <div id=\"collapsepix-tab-8996150\" class=\"collapse \" aria-labelledby=\"headingpix-tab-8996150\">\n                 <div class=\"card-body\">\n                     <p>Wir befolgen bei der Website-Entwicklung die besten SEO-Praktiken, einschlie\u00dflich Keyword-Recherche, On-Page-Optimierung, mobile Reaktionsf\u00e4higkeit, Optimierung der Website-Geschwindigkeit und Implementierung SEO-freundlicher Codierungstechniken.<\/p>\n\n                 <\/div>\n               <\/div>\n             <\/div><div class=\"card\">\n               <div class=\"card-header pix-mb-10 shadow-sm rounded-lg bg-custom\" id=\"headingpix-tab-4538840\" style=\"background:#F8F9FA\">\n                   <button class=\"btn btn-link text-left\" type=\"button\" data-toggle=\"collapse\" data-target=\"#collapsepix-tab-4538840\" aria-expanded=\"true\" aria-controls=\"collapsepix-tab-4538840\"><i class=\"pixicon-euro-coin text-primary text-20 pix-mr-10\" ><\/i> <span class=\"font-weight-bold secondary-font text-heading-default\" >K\u00f6nnten Sie den Prozess der Integration von Plugins oder Tools von Drittanbietern in ein Website-Design erl\u00e4utern?<\/span><\/button>\n               <\/div>\n\n               <div id=\"collapsepix-tab-4538840\" class=\"collapse \" aria-labelledby=\"headingpix-tab-4538840\">\n                 <div class=\"card-body\">\n                     <p>Wir haben Erfahrung mit der Integration verschiedener Plugins und Tools von Drittanbietern, um die Funktionalit\u00e4t der Website zu verbessern, Prozesse zu rationalisieren und spezifische Kundenanforderungen zu erf\u00fcllen.<\/p>\n\n                 <\/div>\n               <\/div>\n             <\/div><\/div>\t\t\t\t<\/div>\n\t\t\t\t<\/div>\n\t\t\t\t\t<\/div>\n\t\t<\/div>\n\t\t\t\t\t<\/div>\n\t\t<\/section>\n\t\t\t\t<\/div>\n\t\t","protected":false},"excerpt":{"rendered":"<p>Allgemeine Fragen Wie lange dauert in der Regel die erste Beratungs- und Projektplanungsphase? Unsere Erstberatung und Projektplanung dauert in der Regel etwa 1-2 Wochen, je nach Komplexit\u00e4t des Projekts und Verf\u00fcgbarkeit beider Parteien. Wie lange dauert es im Durchschnitt, bis&#8230;<\/p>\n","protected":false},"author":2,"featured_media":0,"parent":0,"menu_order":0,"comment_status":"closed","ping_status":"closed","template":"","meta":{"_monsterinsights_skip_tracking":false,"_monsterinsights_sitenote_active":false,"_monsterinsights_sitenote_note":"","_monsterinsights_sitenote_category":0,"footnotes":""},"class_list":["post-14011","page","type-page","status-publish","hentry"],"_links":{"self":[{"href":"https:\/\/webapplyze.com\/de\/wp-json\/wp\/v2\/pages\/14011","targetHints":{"allow":["GET"]}}],"collection":[{"href":"https:\/\/webapplyze.com\/de\/wp-json\/wp\/v2\/pages"}],"about":[{"href":"https:\/\/webapplyze.com\/de\/wp-json\/wp\/v2\/types\/page"}],"author":[{"embeddable":true,"href":"https:\/\/webapplyze.com\/de\/wp-json\/wp\/v2\/users\/2"}],"replies":[{"embeddable":true,"href":"https:\/\/webapplyze.com\/de\/wp-json\/wp\/v2\/comments?post=14011"}],"version-history":[{"count":0,"href":"https:\/\/webapplyze.com\/de\/wp-json\/wp\/v2\/pages\/14011\/revisions"}],"wp:attachment":[{"href":"https:\/\/webapplyze.com\/de\/wp-json\/wp\/v2\/media?parent=14011"}],"curies":[{"name":"wp","href":"https:\/\/api.w.org\/{rel}","templated":true}]}}